{"id":16,"date":"2016-07-10T21:05:09","date_gmt":"2016-07-10T21:05:09","guid":{"rendered":"http:\/\/travelioza.pl\/?page_id=16"},"modified":"2020-03-15T21:31:36","modified_gmt":"2020-03-15T21:31:36","slug":"o-mnie","status":"publish","type":"page","link":"http:\/\/travelioza.pl\/?page_id=16","title":{"rendered":"O mnie"},"content":{"rendered":"\n<figure class=\"wp-block-image\"><a href=\"https:\/\/i0.wp.com\/travelioza.pl\/wp-content\/uploads\/2016\/07\/20150728_114651.jpg\"><img data-attachment-id=\"24\" data-permalink=\"http:\/\/travelioza.pl\/?attachment_id=24\" data-orig-file=\"https:\/\/i0.wp.com\/travelioza.pl\/wp-content\/uploads\/2016\/07\/20150728_114651.jpg?fit=1180%2C435\" data-orig-size=\"1180,435\" data-comments-opened=\"1\" data-image-meta=\"{&quot;aperture&quot;:&quot;2.7&quot;,&quot;credit&quot;:&quot;&quot;,&quot;camera&quot;:&quot;GT-I9070&quot;,&quot;caption&quot;:&quot;&quot;,&quot;created_timestamp&quot;:&quot;1438084011&quot;,&quot;copyright&quot;:&quot;&quot;,&quot;focal_length&quot;:&quot;3.43&quot;,&quot;iso&quot;:&quot;100&quot;,&quot;shutter_speed&quot;:&quot;0.001&quot;,&quot;title&quot;:&quot;&quot;,&quot;orientation&quot;:&quot;1&quot;}\" data-image-title=\"20150728_114651\" data-image-description=\"\" data-image-caption=\"\" data-medium-file=\"https:\/\/i0.wp.com\/travelioza.pl\/wp-content\/uploads\/2016\/07\/20150728_114651.jpg?fit=300%2C111\" data-large-file=\"https:\/\/i0.wp.com\/travelioza.pl\/wp-content\/uploads\/2016\/07\/20150728_114651.jpg?fit=800%2C295\" loading=\"lazy\" width=\"800\" height=\"295\" src=\"https:\/\/i0.wp.com\/travelioza.pl\/wp-content\/uploads\/2016\/07\/20150728_114651.jpg?resize=800%2C295\" alt=\"20150728_114651\" class=\"wp-image-24\" srcset=\"https:\/\/i0.wp.com\/travelioza.pl\/wp-content\/uploads\/2016\/07\/20150728_114651.jpg?w=1180 1180w, https:\/\/i0.wp.com\/travelioza.pl\/wp-content\/uploads\/2016\/07\/20150728_114651.jpg?resize=300%2C111 300w, https:\/\/i0.wp.com\/travelioza.pl\/wp-content\/uploads\/2016\/07\/20150728_114651.jpg?resize=768%2C283 768w, https:\/\/i0.wp.com\/travelioza.pl\/wp-content\/uploads\/2016\/07\/20150728_114651.jpg?resize=1024%2C377 1024w\" sizes=\"(max-width: 800px) 100vw, 800px\" data-recalc-dims=\"1\" \/><\/a><\/figure>\n\n\n\n<p class=\"has-medium-font-size\"><span style=\"font-family: georgia, palatino, serif;\">Nazywam si\u0119 Karolina i na co dzie\u0144 pracuj\u0119 w zielonog\u00f3rskim og\u00f3lniaku.<\/span><\/p>\n\n\n\n<p class=\"has-medium-font-size\"><span style=\"font-family: georgia, palatino, serif;\">Od dziecka marzy\u0142am o podr\u00f3\u017cach. Z ksi\u0105\u017cek lekko szalonego Danikena wypisywa\u0142am sobie nazwy miejsc, kt\u00f3re chcia\u0142am odwiedzi\u0107. Petra, Machu Picchu, Angkor, Lalibella\u2026 W\u00f3wczas wydawa\u0142o si\u0119 to nierealne. Za drogo, my\u015bla\u0142am, zbyt niebezpiecznie. Do czasu gdy w 2005 z prawie sze\u015b\u0107dziesi\u0119cioletni\u0105 matk\u0105 pojecha\u0142am na samodzielnie zorganizowan\u0105 wypraw\u0119 po Syrii, Jordanii, Libanie i Izraelu. Okaza\u0142o si\u0119, \u017ce to nic trudnego, skomplikowanego, niebezpiecznego, ani te\u017c dro\u017cszego od zorganizowanego przez biuro podr\u00f3\u017cy wyjazdu. Od tamtej pory odwiedzi\u0142am ponad 40 kraj\u00f3w pozaeuropejskich.<\/span><\/p>\n\n\n\n<p class=\"has-medium-font-size\"><span style=\"font-family: georgia, palatino, serif;\">Europa jest do\u015b\u0107 przewidywalna i droga. O niej, na razie, nie b\u0119d\u0119 pisa\u0107.&nbsp; B\u0119d\u0119 pisa\u0107 g\u0142\u00f3wnie o wyprawach poza Stary Kontynent. Je\u017cd\u017c\u0119 sama, z matk\u0105, kumpel\u0105, grupk\u0105 znajomych. Najch\u0119tniej jednak sama. Mieszkam w\u00f3wczas u innych cz\u0142onk\u00f3w couchsurfing, w totalnie \u201ebezgwiazdkowych\u201d hotelach dla miejscowych lub hostelach dla backpakers\u00f3w. Jem w knajpach dla lokals\u00f3w, zwiedzam co si\u0119 da i przemieszczam si\u0119 \u015brodkami transportu dla tambylc\u00f3w lub autostopem. Decyduj\u0105c codziennie sama o sobie, poznaj\u0105c nowych ludzi, sp\u0119dzaj\u0105c z nimi czas, \u017cyj\u0105c cho\u0107 moment podobnie jak oni, wracam do domu ze wspomnieniami, kt\u00f3rych \u017caden zorganizowany wyjazd nie mo\u017ce mi da\u0107.<\/span><\/p>\n\n\n\n<p class=\"has-medium-font-size\"><span style=\"font-family: georgia, palatino, serif;\">Blog\/pami\u0119tnik ma ocali\u0107 moje wspomnienia i udowodni\u0107, \u017ce samodzielne podr\u00f3\u017ce s\u0105 proste. Pr\u00f3cz strumienia \u015bwiadomo\u015bci b\u0119d\u0119 te\u017c wrzuca\u0107 tu swoje zdj\u0119cia i mo\u017ce filmy. Nie posiadam profesjonalnego sprz\u0119tu fotograficznego, wi\u0119c prosz\u0119 wybaczy\u0107 ich jako\u015b\u0107. Ca\u0142y czas si\u0119 ucz\u0119.<\/span><\/p>\n\n\n\n<p class=\"has-medium-font-size\"><span style=\"font-family: georgia, palatino, serif;\">Co jeszcze? Kocham je\u015b\u0107. Pewnie od czasu do czasu poka\u017c\u0119 frykasy, kt\u00f3re pieszcz\u0105 moje podniebienie. Ch\u0119tnie odwiedzam galerie sztuki i muzea. Lubi\u0119 te\u017c usi\u0105\u015b\u0107 z poznanymi na ulicy babciami i stoczy\u0107 z nimi partyjk\u0119 Mahjonga, b\u0105d\u017a zagra\u0107 w karty z kierowcami autobusu. Uwielbiam te\u017c wszelkie ekstremalne atrakcje. Jedyna rzecz, kt\u00f3ra przeszkadza mi w podr\u00f3\u017cach to insekty. Zdecydowanie nie lubimy si\u0119. A ja jestem magnesem na wszystko co pe\u0142za i lata.<\/span><\/p>\n\n\n\n<p class=\"has-medium-font-size\"><span style=\"font-family: georgia, palatino, serif;\">Blog b\u0119dzie tworzony troch\u0119 chaotycznie. Ma on by\u0107, wybaczcie, przede wszystkim dla mnie. Wrzucam co mog\u0119 i chc\u0119, kiedy chc\u0119. B\u0119d\u0105 to g\u0142\u00f3wnie wspomnienia, a nie rady i listy cen. To mo\u017cna sprawdzi\u0107 samemu w google. A najlepiej odkrywa\u0107 samemu. Jestem za tym, by ka\u017cdy sam odkrywa\u0142 i uczy\u0142 si\u0119 na b\u0142\u0119dach. Poza tym rozk\u0142ady jazdy i ceny zmieniaj\u0105 si\u0119 z dnia na dzie\u0144. Zaznaczam, \u017ce moje zapiski s\u0105 subiektywne i dalekie od przepuszczonych przez filtr instagramowych bajeczek.<br><\/span><\/p>\n\n\n\n<p class=\"has-medium-font-size\"><span style=\"font-family: georgia, palatino, serif;\">Z moich wypraw mam dziesi\u0105tki maili i tysi\u0105ce zdj\u0119\u0107. Z nich poma\u0142u sklec\u0119 kolejne wpisy. I za par\u0119dziesi\u0105t lat, mam nadziej\u0119, usi\u0105d\u0119 przy tym wirtualnym pami\u0119tniku i przypomn\u0119 sobie na co wyda\u0142am maj\u0105tek \u017cycia zamiast kupi\u0107 sobie garsonk\u0119 dolczegabana.<\/span><\/p>\n\n\n\n<p class=\"has-medium-font-size\"><span style=\"font-family: georgia, palatino, serif;\">Zapraszam do lektury, prosz\u0119 o komentarze, wskaz\u00f3wki, rady techniczne. Ch\u0119tnie te\u017c sama doradz\u0119 i powt\u00f3rz\u0119: Podr\u00f3\u017cowanie samemu jest proste!<br><\/span><\/p>\n<div class=\"sharedaddy sd-sharing-enabled\"><div class=\"robots-nocontent sd-block sd-social sd-social-icon sd-sharing\"><h3 class=\"sd-title\">PODAJ DALEJ TRAVELIOZ\u0118!!!!<\/h3><div class=\"sd-content\"><ul><li class=\"share-facebook\"><a rel=\"nofollow noopener noreferrer\" data-shared=\"sharing-facebook-16\" class=\"share-facebook sd-button share-icon no-text\" href=\"http:\/\/travelioza.pl\/?page_id=16&amp;share=facebook\" target=\"_blank\" title=\"Click to share on Facebook\" ><span><\/span><span class=\"sharing-screen-reader-text\">Click to share on Facebook (Opens in new window)<\/span><\/a><\/li><li class=\"share-print\"><a rel=\"nofollow noopener noreferrer\" data-shared=\"\" class=\"share-print sd-button share-icon no-text\" href=\"http:\/\/travelioza.pl\/?page_id=16\" target=\"_blank\" title=\"Click to print\" ><span><\/span><span class=\"sharing-screen-reader-text\">Click to print (Opens in new window)<\/span><\/a><\/li><li class=\"share-end\"><\/li><\/ul><\/div><\/div><\/div>","protected":false},"excerpt":{"rendered":"<p>Nazywam si\u0119 Karolina i na co dzie\u0144 pracuj\u0119 w zielonog\u00f3rskim og\u00f3lniaku. Od dziecka marzy\u0142am o podr\u00f3\u017cach. Z ksi\u0105\u017cek lekko szalonego<\/p>\n<div class=\"sharedaddy sd-sharing-enabled\"><div class=\"robots-nocontent sd-block sd-social sd-social-icon sd-sharing\"><h3 class=\"sd-title\">PODAJ DALEJ TRAVELIOZ\u0118!!!!<\/h3><div class=\"sd-content\"><ul><li class=\"share-facebook\"><a rel=\"nofollow noopener noreferrer\" data-shared=\"sharing-facebook-16\" class=\"share-facebook sd-button share-icon no-text\" href=\"http:\/\/travelioza.pl\/?page_id=16&amp;share=facebook\" target=\"_blank\" title=\"Click to share on Facebook\" ><span><\/span><span class=\"sharing-screen-reader-text\">Click to share on Facebook (Opens in new window)<\/span><\/a><\/li><li class=\"share-print\"><a rel=\"nofollow noopener noreferrer\" data-shared=\"\" class=\"share-print sd-button share-icon no-text\" href=\"http:\/\/travelioza.pl\/?page_id=16\" target=\"_blank\" title=\"Click to print\" ><span><\/span><span class=\"sharing-screen-reader-text\">Click to print (Opens in new window)<\/span><\/a><\/li><li class=\"share-end\"><\/li><\/ul><\/div><\/div><\/div>","protected":false},"author":1,"featured_media":0,"parent":0,"menu_order":0,"comment_status":"closed","ping_status":"closed","template":"","meta":[],"jetpack_sharing_enabled":true,"jetpack_shortlink":"https:\/\/wp.me\/P7I44S-g","jetpack-related-posts":[],"_links":{"self":[{"href":"http:\/\/travelioza.pl\/index.php?rest_route=\/wp\/v2\/pages\/16"}],"collection":[{"href":"http:\/\/travelioza.pl\/index.php?rest_route=\/wp\/v2\/pages"}],"about":[{"href":"http:\/\/travelioza.pl\/index.php?rest_route=\/wp\/v2\/types\/page"}],"author":[{"embeddable":true,"href":"http:\/\/travelioza.pl\/index.php?rest_route=\/wp\/v2\/users\/1"}],"replies":[{"embeddable":true,"href":"http:\/\/travelioza.pl\/index.php?rest_route=%2Fwp%2Fv2%2Fcomments&post=16"}],"version-history":[{"count":12,"href":"http:\/\/travelioza.pl\/index.php?rest_route=\/wp\/v2\/pages\/16\/revisions"}],"predecessor-version":[{"id":15785,"href":"http:\/\/travelioza.pl\/index.php?rest_route=\/wp\/v2\/pages\/16\/revisions\/15785"}],"wp:attachment":[{"href":"http:\/\/travelioza.pl\/index.php?rest_route=%2Fwp%2Fv2%2Fmedia&parent=16"}],"curies":[{"name":"wp","href":"https:\/\/api.w.org\/{rel}","templated":true}]}}